{"id":11054,"date":"2024-10-10T08:14:16","date_gmt":"2024-10-10T06:14:16","guid":{"rendered":"https:\/\/meiller-shop.com\/?post_type=product&#038;p=11054"},"modified":"2024-10-10T08:17:52","modified_gmt":"2024-10-10T06:17:52","slug":"fassgreifer-fuer-die-2-fassaufnahme-von-200-l-faessern-stapleranbaugeraet","status":"publish","type":"product","link":"https:\/\/meiller-shop.com\/de\/product\/fassgreifer-fuer-die-2-fassaufnahme-von-200-l-faessern-stapleranbaugeraet\/","title":{"rendered":"Fassgreifer f\u00fcr die 2-Fassaufnahme von 200 l F\u00e4ssern, Stapleranbauger\u00e4t"},"content":{"rendered":"<p>Der Stapler nimmt den Fassgreifer FA-M-2 durch Einfahren der Gabelzinken auf und mit Hilfe des Handrads mit Ballengriff wird der Fassgreifer arretiert und festgestellt. Zwei volle 200 l F\u00e4sser k\u00f6nnen durch Anfahren des Gabelstaplers aufgenommen werden, dabei \u00f6ffnen sich die Greiferarme durch den Anpressdruck schr\u00e4g nach oben und fallen bei \u00dcberschreiten der Fassmitte automatisch zur\u00fcck und sichern die F\u00e4sser. Anschlie\u00dfend kann der Staplerfahrer den Fassgreifer anheben, dabei sind die F\u00e4sser sicher fixiert. Beim Absetzen der F\u00e4sser l\u00f6sen sich die Greiferarme wieder automatisch in umgekehrter Reihenfolge und die F\u00e4sser k\u00f6nnen entnommen werden.<\/p>\n<p>Die maximale Zinkendicke betr\u00e4gt 100 mm, das lichte Ma\u00df der Einfahrtaschen liegt bei 580 mm. Die MEILLER-Fassgreifer werden standardm\u00e4\u00dfig in RAL 5002 lackiert. Der Versand ist kostenlos.<\/p>\n<p>Auf Anfrage sind Sonderlackierungen, Sonderma\u00dfe und individuelle Kundenw\u00fcnsche f\u00fcr besondere Anwendungsf\u00e4lle m\u00f6glich.<\/p>\n<ul>\n<li>Traglast: 800 kg<\/li>\n<li>Gesamt-Breite: 1240 mm<\/li>\n<li>Gesamt-Breite der Gabeltaschen: 600 mm<\/li>\n<li>Gesamt-L\u00e4nge der Gabeltaschen: 600 mm<\/li>\n<li>lichtes Ma\u00df Einfahrtaschen: 580 mm<\/li>\n<li>max. Zinkendicke: 100 mm<\/li>\n<li>Lackierung: RAL 5002<\/li>\n<li>Gewicht: 85 kg<\/li>\n<\/ul>\n","protected":false},"excerpt":{"rendered":"<ul>\n<li>f\u00fcr die 2-Fassaufnahme als Stapler-Anbauger\u00e4t<\/li>\n<li>geeignet f\u00fcr 200 l Rollreifen- und Sickenf\u00e4sser<\/li>\n<li>geeignet f\u00fcr 200 l Kunststoff- und L-Ring-F\u00e4sser<\/li>\n<li>mit Verriegelungsautomatik<\/li>\n<li>Traglast: 800 kg<\/li>\n<li>Gesamt-Breite: 1240 mm<\/li>\n<li>Gesamt-Breite der Gabeltaschen: 600 mm<\/li>\n<li>Gesamt-L\u00e4nge der Gabeltaschen: 600 mm<\/li>\n<li>Lackierung: RAL 5002<\/li>\n<li>die Aufnahme des vollen 200 l Fasses erfolgt automatisch durch Heranfahren des Greifers an das stehende Fass<\/li>\n<li>durch den Anpressdruck \u00f6ffnen die Greiferarme und fallen automatisch zur\u00fcck, um das Fass sicher aufzunehmen<\/li>\n<li>das Absetzen und die Entnahme des Fasses erfolgen in umgekehrter Reihenfolge<\/li>\n<li>Gewicht: 85 kg<\/li>\n<\/ul>\n","protected":false},"featured_media":11058,"comment_status":"open","ping_status":"closed","template":"","meta":{"_monsterinsights_skip_tracking":false,"_monsterinsights_sitenote_active":false,"_monsterinsights_sitenote_note":"","_monsterinsights_sitenote_category":0,"_uf_show_specific_survey":0,"_uf_disable_surveys":false},"product_brand":[],"product_cat":[655],"product_tag":[],"class_list":{"0":"post-11054","1":"product","2":"type-product","3":"status-publish","4":"has-post-thumbnail","6":"product_cat-stapleranbaugeraete","7":"product_shipping_class-standardversand","9":"first","10":"instock","11":"taxable","12":"shipping-taxable","13":"purchasable","14":"product-type-simple"},"jetpack_sharing_enabled":true,"_links":{"self":[{"href":"https:\/\/meiller-shop.com\/de\/wp-json\/wp\/v2\/product\/11054","targetHints":{"allow":["GET"]}}],"collection":[{"href":"https:\/\/meiller-shop.com\/de\/wp-json\/wp\/v2\/product"}],"about":[{"href":"https:\/\/meiller-shop.com\/de\/wp-json\/wp\/v2\/types\/product"}],"replies":[{"embeddable":true,"href":"https:\/\/meiller-shop.com\/de\/wp-json\/wp\/v2\/comments?post=11054"}],"wp:featuredmedia":[{"embeddable":true,"href":"https:\/\/meiller-shop.com\/de\/wp-json\/wp\/v2\/media\/11058"}],"wp:attachment":[{"href":"https:\/\/meiller-shop.com\/de\/wp-json\/wp\/v2\/media?parent=11054"}],"wp:term":[{"taxonomy":"product_brand","embeddable":true,"href":"https:\/\/meiller-shop.com\/de\/wp-json\/wp\/v2\/product_brand?post=11054"},{"taxonomy":"product_cat","embeddable":true,"href":"https:\/\/meiller-shop.com\/de\/wp-json\/wp\/v2\/product_cat?post=11054"},{"taxonomy":"product_tag","embeddable":true,"href":"https:\/\/meiller-shop.com\/de\/wp-json\/wp\/v2\/product_tag?post=11054"}],"curies":[{"name":"wp","href":"https:\/\/api.w.org\/{rel}","templated":true}]}}