{"id":12031,"date":"2024-12-30T21:47:26","date_gmt":"2024-12-30T20:47:26","guid":{"rendered":"https:\/\/meiller-shop.com\/?post_type=product&#038;p=12031"},"modified":"2024-12-30T21:48:34","modified_gmt":"2024-12-30T20:48:34","slug":"fassroller-aus-edelstahl-v2a-fuer-200-l-faesser-fluessigkeitsdicht-verschweisst","status":"publish","type":"product","link":"https:\/\/meiller-shop.com\/de\/product\/fassroller-aus-edelstahl-v2a-fuer-200-l-faesser-fluessigkeitsdicht-verschweisst\/","title":{"rendered":"Fassroller aus Edelstahl (V2A) f\u00fcr 200 l F\u00e4sser, fl\u00fcssigkeitsdicht verschwei\u00dft"},"content":{"rendered":"<p>Neu bei uns im Sortiment: Der Fassroller aus Edelstahl (V2A) mit geschlossenem Boden eignet sich f\u00fcr den innerbetrieblichen Transport von F\u00e4ssern bis 200 l Inhalt. Der Einsatz eines Fassrollers ist oft eine kosteneffiziente L\u00f6sung, um schwere F\u00e4sser von einem Ort zum anderen im Betrieb zu transportieren. Der Transport eines vollen 200 l Stahlfasses ist auch f\u00fcr zwei Mitarbeiter oft ohne weitere Hilfsmittel nicht zu schaffen. Abhilfe schafft hier der praktische Fassroller aus Edelstahl. Das Fass wird einfach in den Fassroller eingesetzt und kann dank der Polyamidrollen \u00d8 75 mm problemlos und ohne gro\u00dfen Aufwand verfahren werden. Die Polyamidrollen sind drehbar, zwei kommen mit Feststellbremse. Der Boden des Fassrollers ist fl\u00fcssigkeitsdicht verschwei\u00dft, sodass kleinere Fl\u00fcssigkeitsmengen im Notfall nicht austreten k\u00f6nnen. Der Innendurchmesser des Fassrollers aus Edelstahl betr\u00e4gt 610 mm, die Randh\u00f6he liegt bei 80 mm. Der Fassroller ist mit ca. 100 mm Bodenfreiheit gut unterfahrbar. Der Fassroller aus Edelstahl eignet sich aufgrund des V2A-Materials gut f\u00fcr den Einsatz in der Lebensmittel- und Pharmaindustrie und in Ex-gesch\u00fctzten Bereichen.<\/p>\n<h3><span id=\"Technische_Daten\" class=\"ez-toc-section\"><\/span>Technische Daten<\/h3>\n<table>\n<tbody>\n<tr>\n<td>Material<\/td>\n<td>Edelstahl V2A<\/td>\n<\/tr>\n<tr>\n<td>Traglast [kg]<\/td>\n<td>250 kg<\/td>\n<\/tr>\n<tr>\n<td>R\u00e4der<\/td>\n<td>4 x Polyamid \u00d8 100 mm<\/td>\n<\/tr>\n<tr>\n<td>geeignet f\u00fcr<\/td>\n<td>alle F\u00e4sser bis 200 l Inhalt<\/td>\n<\/tr>\n<tr>\n<td>Unterfahrh\u00f6he<\/td>\n<td>100 mm<\/td>\n<\/tr>\n<tr>\n<td>Randh\u00f6he<\/td>\n<td>80 mm<\/td>\n<\/tr>\n<tr>\n<td>Innen-\u00d8<\/td>\n<td>610 mm<\/td>\n<\/tr>\n<\/tbody>\n<\/table>\n","protected":false},"excerpt":{"rendered":"<ul>\n<li>geeignet f\u00fcr alle F\u00e4sser bis 200 l Fassinhalt<\/li>\n<li>geschlossene Ausf\u00fchrung mit dicht geschwei\u00dftem Boden<\/li>\n<li>Traglast: 250 kg<\/li>\n<li>Innen-\u00d8: 610 mm<\/li>\n<li>Randh\u00f6he: 80 mm<\/li>\n<li>Unterfahrh\u00f6he: 100 mm<\/li>\n<li>4 x Polyamid-Lenkrollen \u00d8 75 mm, davon 2 mit Feststeller<\/li>\n<li>Ex-gesch\u00fctzt<\/li>\n<\/ul>\n","protected":false},"featured_media":12030,"comment_status":"open","ping_status":"closed","template":"","meta":{"_monsterinsights_skip_tracking":false,"_monsterinsights_sitenote_active":false,"_monsterinsights_sitenote_note":"","_monsterinsights_sitenote_category":0,"_uf_show_specific_survey":0,"_uf_disable_surveys":false},"product_brand":[],"product_cat":[574,999],"product_tag":[],"class_list":{"0":"post-12031","1":"product","2":"type-product","3":"status-publish","4":"has-post-thumbnail","6":"product_cat-drum-trolleys-de","7":"product_cat-fassroller","8":"product_shipping_class-standardversand","10":"first","11":"instock","12":"taxable","13":"shipping-taxable","14":"purchasable","15":"product-type-simple"},"jetpack_sharing_enabled":true,"_links":{"self":[{"href":"https:\/\/meiller-shop.com\/de\/wp-json\/wp\/v2\/product\/12031","targetHints":{"allow":["GET"]}}],"collection":[{"href":"https:\/\/meiller-shop.com\/de\/wp-json\/wp\/v2\/product"}],"about":[{"href":"https:\/\/meiller-shop.com\/de\/wp-json\/wp\/v2\/types\/product"}],"replies":[{"embeddable":true,"href":"https:\/\/meiller-shop.com\/de\/wp-json\/wp\/v2\/comments?post=12031"}],"wp:featuredmedia":[{"embeddable":true,"href":"https:\/\/meiller-shop.com\/de\/wp-json\/wp\/v2\/media\/12030"}],"wp:attachment":[{"href":"https:\/\/meiller-shop.com\/de\/wp-json\/wp\/v2\/media?parent=12031"}],"wp:term":[{"taxonomy":"product_brand","embeddable":true,"href":"https:\/\/meiller-shop.com\/de\/wp-json\/wp\/v2\/product_brand?post=12031"},{"taxonomy":"product_cat","embeddable":true,"href":"https:\/\/meiller-shop.com\/de\/wp-json\/wp\/v2\/product_cat?post=12031"},{"taxonomy":"product_tag","embeddable":true,"href":"https:\/\/meiller-shop.com\/de\/wp-json\/wp\/v2\/product_tag?post=12031"}],"curies":[{"name":"wp","href":"https:\/\/api.w.org\/{rel}","templated":true}]}}