{"id":9908,"date":"2024-10-04T12:27:32","date_gmt":"2024-10-04T10:27:32","guid":{"rendered":"https:\/\/meiller-shop.com\/?post_type=product&#038;p=9908"},"modified":"2024-10-04T12:52:00","modified_gmt":"2024-10-04T10:52:00","slug":"fass-kipptraverse-aus-edelstahl-v2a-mit-handrad-fuer-stehende-200-l-stahlfaesser","status":"publish","type":"product","link":"https:\/\/meiller-shop.com\/de\/product\/fass-kipptraverse-aus-edelstahl-v2a-mit-handrad-fuer-stehende-200-l-stahlfaesser\/","title":{"rendered":"Fass-Kipptraverse aus Edelstahl (V2A) mit Handrad f\u00fcr stehende 200 l Stahlf\u00e4sser"},"content":{"rendered":"<p>Fass-Kipptraverse aus Edelstahl (V2A) mit Handrad eignet sich f\u00fcr stehende 200 l Stahlf\u00e4sser. Mit der Fass-Kipptraverse kann das Fass um 360\u00b0 gekippt werden und dosiert entleert werden. Der Kippvorgang erfolgt \u00fcber ein Getriebe, welches manuell mit Handrad bedient wird. Die Fass-Kipptraverse aus Edelstahl eignet sich f\u00fcr F\u00e4sser mit Mantel-\u00d8 570 \u2013 590 mm. Das stehende 200 l Stahlfass wird mittels Ratschenschlossgurt aus Edelstahl in den Greiferschalen eingespannt und sicher fixiert. Aufgrund des Materials V2A ist die Fass-Kipptraverse aus Edelstahl besonders gut f\u00fcr die Lebensmittel- oder Pharmaindustrie geeignet. Optional ist das Fasshandling-Ger\u00e4t auch mit einem Getriebe f\u00fcr die Lebensmittelindustrie erh\u00e4ltlich (bitte <a href=\"https:\/\/meiller-shop.com\/de\/kontakt\/\"><strong>anf<\/strong><strong>r<\/strong><strong>agen<\/strong><\/a>). Wahlweise ist die Fass-Kipptraverse mit oder ohne Gabeltaschen f\u00fcr den Staplereinsatz erh\u00e4ltlich. Die Fass-Kipptraverse aus Edelstahl (V2A) kann auch in Ex-gesch\u00fctzten Bereichen eingesetzt werden.<\/p>\n<h3><span id=\"Technische_Daten\" class=\"ez-toc-section\"><\/span>Technische Daten<\/h3>\n<ul>\n<li>Traglast: 400 kg<\/li>\n<li>Fass-Mantel-\u00d8: 570 \u2013 590 mm<\/li>\n<li>f\u00fcr stehende 200 l Stahlf\u00e4sser<\/li>\n<li>Schwenkbereich des Fasses: 360\u00b0<\/li>\n<li>mit Getriebe mit Handrad<\/li>\n<li>mit Ratschenschlossgurt aus Edelstahl<\/li>\n<\/ul>\n","protected":false},"excerpt":{"rendered":"<ul>\n<li>f\u00fcr stehende 200 l Stahlf\u00e4sser<\/li>\n<li>wahlweise mit oder ohne Gabeltaschen<\/li>\n<li>Kippvorgang erfolgt \u00fcber Getriebe, welches manuell mittels Handrad bedient wird<\/li>\n<li>mit Ratschenschlossgurt aus Edelstahl<\/li>\n<li>Traglast: 400 kg<\/li>\n<li>Fass-Mantel-\u00d8: 570 \u2013 590 mm<\/li>\n<li>Schwenkbereich des Fasses: 360\u00b0<\/li>\n<li>optional mit Getriebe f\u00fcr Lebensmittelindustrie erh\u00e4ltlich<\/li>\n<li>besonders gut geeignet f\u00fcr Lebensmittel- und Pharmaindustrie<\/li>\n<li>korrosionsfrei<\/li>\n<li>Ex-gesch\u00fctzt<\/li>\n<\/ul>\n","protected":false},"featured_media":9920,"comment_status":"open","ping_status":"closed","template":"","meta":{"_monsterinsights_skip_tracking":false,"_monsterinsights_sitenote_active":false,"_monsterinsights_sitenote_note":"","_monsterinsights_sitenote_category":0,"_uf_show_specific_survey":0,"_uf_disable_surveys":false},"product_brand":[],"product_cat":[379,418],"product_tag":[],"class_list":{"0":"post-9908","1":"product","2":"type-product","3":"status-publish","4":"has-post-thumbnail","6":"product_cat-fassgreifer","7":"product_cat-fass-kipptraversen","8":"product_shipping_class-standardversand","10":"first","11":"instock","12":"taxable","13":"shipping-taxable","14":"purchasable","15":"product-type-variable","16":"has-default-attributes"},"jetpack_sharing_enabled":true,"_links":{"self":[{"href":"https:\/\/meiller-shop.com\/de\/wp-json\/wp\/v2\/product\/9908","targetHints":{"allow":["GET"]}}],"collection":[{"href":"https:\/\/meiller-shop.com\/de\/wp-json\/wp\/v2\/product"}],"about":[{"href":"https:\/\/meiller-shop.com\/de\/wp-json\/wp\/v2\/types\/product"}],"replies":[{"embeddable":true,"href":"https:\/\/meiller-shop.com\/de\/wp-json\/wp\/v2\/comments?post=9908"}],"wp:featuredmedia":[{"embeddable":true,"href":"https:\/\/meiller-shop.com\/de\/wp-json\/wp\/v2\/media\/9920"}],"wp:attachment":[{"href":"https:\/\/meiller-shop.com\/de\/wp-json\/wp\/v2\/media?parent=9908"}],"wp:term":[{"taxonomy":"product_brand","embeddable":true,"href":"https:\/\/meiller-shop.com\/de\/wp-json\/wp\/v2\/product_brand?post=9908"},{"taxonomy":"product_cat","embeddable":true,"href":"https:\/\/meiller-shop.com\/de\/wp-json\/wp\/v2\/product_cat?post=9908"},{"taxonomy":"product_tag","embeddable":true,"href":"https:\/\/meiller-shop.com\/de\/wp-json\/wp\/v2\/product_tag?post=9908"}],"curies":[{"name":"wp","href":"https:\/\/api.w.org\/{rel}","templated":true}]}}